{"id":710,"date":"2026-01-14T03:30:03","date_gmt":"2026-01-14T03:30:03","guid":{"rendered":"https:\/\/mk9-sprengstoffspuerhunde.de\/?page_id=710"},"modified":"2026-03-31T09:33:58","modified_gmt":"2026-03-31T09:33:58","slug":"k9-unterstuetzung-fuer-behoerden","status":"publish","type":"page","link":"https:\/\/mk9-sprengstoffspuerhunde.de\/en\/k9-unterstuetzung-fuer-behoerden\/","title":{"rendered":"K9 &#8211; Unterst\u00fctzung f\u00fcr Beh\u00f6rden"},"content":{"rendered":"<div data-elementor-type=\"wp-page\" data-elementor-id=\"710\" class=\"elementor elementor-710\">\n\t\t\t\t<div class=\"elementor-element elementor-element-d4a0df3 e-flex e-con-boxed e-con e-parent\" data-id=\"d4a0df3\" data-element_type=\"container\" data-e-type=\"container\">\n\t\t\t\t\t<div class=\"e-con-inner\">\n\t\t\t\t<div class=\"elementor-element elementor-element-fe35334 elementor-widget elementor-widget-html\" data-id=\"fe35334\" data-element_type=\"widget\" data-e-type=\"widget\" data-widget_type=\"html.default\">\n\t\t\t\t\t<style>\n.mk9s-header-behoerden {\n    background: #FFFFFF;\n    padding: 40px 20px 60px;\n    text-align: center;\n}\n\n.mk9s-header-behoerden h1 {\n    font-size: 42px !important;\n    font-weight: 700 !important;\n    line-height: 1.2 !important;\n    color: #2C3E50 !important;\n    margin: 0 0 30px 0 !important;\n    max-width: 1000px !important;\n    margin-left: auto !important;\n    margin-right: auto !important;\n}\n\n.mk9s-header-behoerden p {\n    font-size: 18px !important;\n    font-weight: 400 !important;\n    line-height: 1.7 !important;\n    color: #34495E !important;\n    margin: 0 !important;\n    max-width: 900px !important;\n    margin-left: auto !important;\n    margin-right: auto !important;\n}\n\n@media (max-width: 768px) {\n    .mk9s-header-behoerden h1 {\n        font-size: 32px !important;\n    }\n    \n    .mk9s-header-behoerden p {\n        font-size: 16px !important;\n    }\n}\n<\/style>\n\n<div class=\"mk9s-header-behoerden\">\n    <h1>Support for authorities: Certified K9 teams for special situations<\/h1>\n    <p>As a reliable partner, we understand the special requirements and procedures of public safety authorities (BOS). When official capacities are tied up or not immediately available, our certified explosives detection dog teams offer a fast, discreet and professional supplement to ensure public safety.<\/p>\n<\/div>\t\t\t\t<\/div>\n\t\t\t\t\t<\/div>\n\t\t\t\t<\/div>\n\t\t<div class=\"elementor-element elementor-element-3870021 e-flex e-con-boxed e-con e-parent\" data-id=\"3870021\" data-element_type=\"container\" data-e-type=\"container\">\n\t\t\t\t\t<div class=\"e-con-inner\">\n\t\t\t\t<div class=\"elementor-element elementor-element-1f35278 elementor-widget elementor-widget-html\" data-id=\"1f35278\" data-element_type=\"widget\" data-e-type=\"widget\" data-widget_type=\"html.default\">\n\t\t\t\t\t<style>\n.mk9s-bedrohung-hinweis {\n    background: linear-gradient(135deg, #FFF9E6 0%, #FFF3D6 100%);\n    border-left: 4px solid #F39C12;\n    padding: 30px;\n    margin: 0 auto 60px;\n    max-width: 900px;\n    border-radius: 8px;\n    box-shadow: 0 4px 6px rgba(0,0,0,0.1);\n}\n\n.mk9s-bedrohung-hinweis .icon {\n    font-size: 32px;\n    margin-bottom: 10px;\n}\n\n.mk9s-bedrohung-hinweis strong {\n    color: #F39C12;\n    font-size: 18px;\n    display: block;\n    margin-bottom: 10px;\n}\n\n.mk9s-bedrohung-hinweis p {\n    color: #34495E;\n    font-size: 16px;\n    margin: 0;\n    line-height: 1.6;\n}\n\n.mk9s-bedrohung-hinweis a {\n    color: #F39C12;\n    font-weight: 600;\n    text-decoration: none;\n}\n\n.mk9s-bedrohung-hinweis a:hover {\n    text-decoration: underline;\n}\n<\/style>\n\n<div class=\"mk9s-bedrohung-hinweis\">\n    <div class=\"icon\">\ud83d\udcca<\/div>\n    <strong>Current threat situation<\/strong>\n    <p>The figures show that explosives threats are on the rise. We continuously document the current situation. <a href=\"https:\/\/mk9-sprengstoffspuerhunde.de\/en\/sprengstoff-vorfaelle-aktuell\/\">To the analysis \u2192<\/a><\/p>\n<\/div>\t\t\t\t<\/div>\n\t\t\t\t\t<\/div>\n\t\t\t\t<\/div>\n\t\t<div class=\"elementor-element elementor-element-bf4741e e-flex e-con-boxed e-con e-parent\" data-id=\"bf4741e\" data-element_type=\"container\" data-e-type=\"container\">\n\t\t\t\t\t<div class=\"e-con-inner\">\n\t\t\t\t<div class=\"elementor-element elementor-element-828431e elementor-widget elementor-widget-html\" data-id=\"828431e\" data-element_type=\"widget\" data-e-type=\"widget\" data-widget_type=\"html.default\">\n\t\t\t\t\t<style>\n.mk9s-qualifikationen {\n    background: #FFFFFF;\n    padding: 80px 20px;\n}\n\n.mk9s-qualifikationen .container {\n    max-width: 1000px;\n    margin: 0 auto;\n}\n\n.mk9s-qualifikationen h2 {\n    font-size: 36px;\n    font-weight: 700;\n    color: #2C3E50;\n    text-align: center;\n    margin-bottom: 30px;\n}\n\n.mk9s-qualifikationen > .container > p {\n    font-size: 17px;\n    line-height: 1.7;\n    color: #34495E;\n    text-align: center;\n    margin-bottom: 50px;\n}\n\n.mk9s-quali-item {\n    background: #F8F9FA;\n    padding: 40px;\n    border-radius: 8px;\n    margin-bottom: 30px;\n}\n\n.mk9s-quali-item h3 {\n    font-size: 24px;\n    font-weight: 700;\n    color: #2C3E50;\n    margin-bottom: 20px;\n}\n\n.mk9s-quali-item p {\n    font-size: 17px;\n    line-height: 1.7;\n    color: #34495E;\n    margin: 0;\n}\n<\/style>\n\n<div class=\"mk9s-qualifikationen\">\n    <div class=\"container\">\n        <h2>Our qualifications - your advantages<\/h2>\n        <p>Our professionalism is based on two pillars: certified performance and a deep understanding of regulatory structures.<\/p>\n        \n        <div class=\"mk9s-quali-item\">\n            <h3>Certification according to official standards<\/h3>\n            <p>All of our K9 teams are inspected and certified according to the demanding guidelines of the Federal Aviation Office (LBA). Furthermore, all detection dog teams undergo an annual inspection according to DIN SPEC 77201. They work at the same high level as official service dogs and are continuously trained to meet this standard at all times.<\/p>\n        <\/div>\n        \n        <div class=\"mk9s-quali-item\">\n            <h3>Understanding of official procedures<\/h3>\n            <p>Thanks to many years of professional experience in the official environment, we are familiar with the usual procedures, the special organizational structure (BAO) and the communication structures in special situations. This ensures smooth, efficient and loyal cooperation on an equal footing.<\/p>\n        <\/div>\n    <\/div>\n<\/div>\t\t\t\t<\/div>\n\t\t\t\t\t<\/div>\n\t\t\t\t<\/div>\n\t\t<div class=\"elementor-element elementor-element-7990021 e-flex e-con-boxed e-con e-parent\" data-id=\"7990021\" data-element_type=\"container\" data-e-type=\"container\">\n\t\t\t\t\t<div class=\"e-con-inner\">\n\t\t\t\t<div class=\"elementor-element elementor-element-978ea33 elementor-widget elementor-widget-html\" data-id=\"978ea33\" data-element_type=\"widget\" data-e-type=\"widget\" data-widget_type=\"html.default\">\n\t\t\t\t\t<style>\n.mk9s-szenarien {\n    background: #F8F9FA;\n    padding: 80px 20px;\n}\n\n.mk9s-szenarien .container {\n    max-width: 1200px;\n    margin: 0 auto;\n}\n\n.mk9s-szenarien h2 {\n    font-size: 36px;\n    font-weight: 700;\n    color: #2C3E50;\n    text-align: center;\n    margin-bottom: 30px;\n}\n\n.mk9s-szenarien > .container > p {\n    font-size: 17px;\n    line-height: 1.7;\n    color: #34495E;\n    text-align: center;\n    margin-bottom: 50px;\n}\n\n.mk9s-szenarien-grid {\n    display: grid;\n    grid-template-columns: repeat(auto-fit, minmax(280px, 1fr));\n    gap: 30px;\n}\n\n.mk9s-szenario-box {\n    background: white;\n    padding: 40px 30px;\n    border-radius: 8px;\n    box-shadow: 0 2px 4px rgba(0,0,0,0.1);\n    transition: all 0.3s;\n}\n\n.mk9s-szenario-box:hover {\n    transform: translateY(-5px);\n    box-shadow: 0 6px 12px rgba(0,0,0,0.15);\n}\n\n.mk9s-szenario-box .icon {\n    font-size: 56px;\n    margin-bottom: 20px;\n}\n\n.mk9s-szenario-box h3 {\n    font-size: 20px;\n    font-weight: 700;\n    color: #2C3E50;\n    margin-bottom: 15px;\n}\n\n.mk9s-szenario-box p {\n    font-size: 16px;\n    line-height: 1.6;\n    color: #34495E;\n    margin: 0;\n}\n\n@media (max-width: 768px) {\n    .mk9s-szenarien-grid {\n        grid-template-columns: 1fr;\n    }\n}\n<\/style>\n\n<div class=\"mk9s-szenarien\">\n    <div class=\"container\">\n        <h2>Possible scenarios for our support<\/h2>\n        <p>We always act as a supporting force to bridge capacity bottlenecks or provide preventative relief:<\/p>\n        \n        <div class=\"mk9s-szenarien-grid\">\n            <div class=\"mk9s-szenario-box\">\n                <div class=\"icon\">\ud83d\udea8<\/div>\n                <h3>Capacity bottlenecks at large-scale sites<\/h3>\n                <p>Support during state visits, demonstrations or sporting events when our own resources are tied up.<\/p>\n            <\/div>\n            \n            <div class=\"mk9s-szenario-box\">\n                <div class=\"icon\">\ud83d\udd0d<\/div>\n                <h3>Preventive searches<\/h3>\n                <p>Checking event locations, routes or objects in advance in order to conserve official resources.<\/p>\n            <\/div>\n            \n            <div class=\"mk9s-szenario-box\">\n                <div class=\"icon\">\u26a1<\/div>\n                <h3>Ad-hoc requirements<\/h3>\n                <p>Rapid response to unclear threat situations for initial assessment and protection.<\/p>\n            <\/div>\n            \n            <div class=\"mk9s-szenario-box\">\n                <div class=\"icon\">\ud83d\udee1\ufe0f<\/div>\n                <h3>Object protection<\/h3>\n                <p>Temporary support in securing endangered objects or infrastructure.<\/p>\n            <\/div>\n        <\/div>\n    <\/div>\n<\/div>\t\t\t\t<\/div>\n\t\t\t\t\t<\/div>\n\t\t\t\t<\/div>\n\t\t<div class=\"elementor-element elementor-element-541b7c2 e-flex e-con-boxed e-con e-parent\" data-id=\"541b7c2\" data-element_type=\"container\" data-e-type=\"container\">\n\t\t\t\t\t<div class=\"e-con-inner\">\n\t\t\t\t<div class=\"elementor-element elementor-element-204a0b0 elementor-widget elementor-widget-html\" data-id=\"204a0b0\" data-element_type=\"widget\" data-e-type=\"widget\" data-widget_type=\"html.default\">\n\t\t\t\t\t<style>\n.mk9s-einsatzgebiet {\n    background: #FFFFFF;\n    padding: 80px 20px;\n}\n\n.mk9s-einsatzgebiet .container {\n    max-width: 900px;\n    margin: 0 auto;\n}\n\n.mk9s-einsatzgebiet h2 {\n    font-size: 36px;\n    font-weight: 700;\n    color: #2C3E50;\n    text-align: center;\n    margin-bottom: 30px;\n}\n\n.mk9s-einsatzgebiet > .container > p {\n    font-size: 17px;\n    line-height: 1.7;\n    color: #34495E;\n    text-align: center;\n    margin-bottom: 40px;\n}\n\n.mk9s-regionen-box {\n    background: #F8F9FA;\n    padding: 40px;\n    border-radius: 8px;\n}\n\n.mk9s-regionen-box ul {\n    list-style: none;\n    padding: 0;\n    margin: 0;\n    display: grid;\n    grid-template-columns: repeat(auto-fit, minmax(200px, 1fr));\n    gap: 15px;\n}\n\n.mk9s-regionen-box li {\n    font-size: 17px;\n    line-height: 1.6;\n    color: #34495E;\n    padding-left: 30px;\n    position: relative;\n}\n\n.mk9s-regionen-box li:before {\n    content: \"\ud83d\udccd\";\n    position: absolute;\n    left: 0;\n    font-size: 20px;\n}\n\n@media (max-width: 768px) {\n    .mk9s-regionen-box ul {\n        grid-template-columns: 1fr;\n    }\n}\n<\/style>\n\n<div class=\"mk9s-einsatzgebiet\">\n    <div class=\"container\">\n        <h2>Regional deployment area - Fast response time<\/h2>\n        <p>To guarantee quick availability, our operational area focuses on a radius of approximately 1 to 1.5 driving hours around our location in Abbenrode (Harz). This includes, among other regions:<\/p>\n        \n        <div class=\"mk9s-regionen-box\">\n            <ul>\n                <li>Brunswick<\/li>\n                <li>Magdeburg<\/li>\n                <li>Goettingen<\/li>\n                <li>Halle (Saale)<\/li>\n                <li>Wolfsburg<\/li>\n                <li>Hildesheim<\/li>\n                <li>Salzgitter<\/li>\n            <\/ul>\n        <\/div>\n    <\/div>\n<\/div>\t\t\t\t<\/div>\n\t\t\t\t\t<\/div>\n\t\t\t\t<\/div>\n\t\t<div class=\"elementor-element elementor-element-01b80b9 e-flex e-con-boxed e-con e-parent\" data-id=\"01b80b9\" data-element_type=\"container\" data-e-type=\"container\">\n\t\t\t\t\t<div class=\"e-con-inner\">\n\t\t\t\t<div class=\"elementor-element elementor-element-1062951 elementor-widget elementor-widget-html\" data-id=\"1062951\" data-element_type=\"widget\" data-e-type=\"widget\" data-widget_type=\"html.default\">\n\t\t\t\t\t<style>\n.mk9s-kontakt-behoerden {\n    background: linear-gradient(135deg, #E3F2FD 0%, #BBDEFB 100%);\n    padding: 80px 20px;\n}\n\n.mk9s-kontakt-behoerden .container {\n    max-width: 800px;\n    margin: 0 auto;\n    text-align: center;\n}\n\n.mk9s-kontakt-behoerden h2 {\n    font-size: 36px;\n    font-weight: 700;\n    color: #2C3E50;\n    margin-bottom: 25px;\n}\n\n.mk9s-kontakt-behoerden p {\n    font-size: 17px;\n    line-height: 1.7;\n    color: #34495E;\n    margin-bottom: 40px;\n}\n\n.mk9s-kontakt-behoerden .kontakt-info {\n    background: white;\n    padding: 40px;\n    border-radius: 8px;\n    box-shadow: 0 4px 6px rgba(0,0,0,0.1);\n}\n\n.mk9s-kontakt-behoerden .telefon {\n    font-size: 32px;\n    font-weight: 700;\n    color: #C0392B;\n    margin: 20px 0;\n}\n\n.mk9s-kontakt-behoerden .telefon a {\n    color: #C0392B;\n    text-decoration: none;\n}\n\n.mk9s-kontakt-behoerden .telefon a:hover {\n    text-decoration: underline;\n}\n\n.mk9s-kontakt-behoerden .hinweis {\n    font-size: 15px;\n    color: #7F8C8D;\n    margin-top: 20px;\n    font-style: italic;\n}\n\n.mk9s-kontakt-behoerden .button {\n    display: inline-block;\n    padding: 18px 40px;\n    background: #C0392B;\n    color: white !important;\n    text-decoration: none;\n    border-radius: 6px;\n    font-weight: 600;\n    font-size: 18px;\n    transition: all 0.3s;\n    margin-top: 30px;\n}\n\n.mk9s-kontakt-behoerden .button:hover {\n    background: #A93226;\n    transform: translateY(-2px);\n}\n\n@media (max-width: 768px) {\n    .mk9s-kontakt-behoerden .telefon {\n        font-size: 24px;\n    }\n}\n<\/style>\n\n<div class=\"mk9s-kontakt-behoerden\">\n    <div class=\"container\">\n        <h2>Contact for authorities<\/h2>\n        <p>A dedicated contact option is available for inquiries from authorities and organizations with security tasks (BOS) to ensure fast and unbureaucratic communication. Absolute discretion is a matter of course.<\/p>\n        \n        <div class=\"kontakt-info\">\n            <div class=\"icon\" style=\"font-size: 64px; margin-bottom: 20px;\">\ud83d\udcde<\/div>\n            <div class=\"telefon\">\n                <a href=\"tel:+491605611785\">+49 1605611785<\/a>\n            <\/div>\n            <p class=\"hinweis\">Direct call for quick and uncomplicated coordination.<\/p>\n            \n            <a href=\"\/en\/kontakt\/\" class=\"button\">Or use the contact form<\/a>\n        <\/div>\n    <\/div>\n<\/div>\t\t\t\t<\/div>\n\t\t\t\t\t<\/div>\n\t\t\t\t<\/div>\n\t\t\t\t<\/div>","protected":false},"excerpt":{"rendered":"<p>Unterst\u00fctzung f\u00fcr Beh\u00f6rden: Zertifizierte K9-Teams bei besonderen Lagen Als zuverl\u00e4ssiger Partner verstehen wir die besonderen Anforderungen und Verfahrensweisen von Beh\u00f6rden [&hellip;]<\/p>\n","protected":false},"author":1,"featured_media":0,"parent":0,"menu_order":0,"comment_status":"closed","ping_status":"closed","template":"","meta":{"om_disable_all_campaigns":false,"_monsterinsights_skip_tracking":false,"_monsterinsights_sitenote_active":false,"_monsterinsights_sitenote_note":"","_monsterinsights_sitenote_category":0,"site-sidebar-layout":"default","site-content-layout":"","ast-site-content-layout":"default","site-content-style":"default","site-sidebar-style":"default","ast-global-header-display":"","ast-banner-title-visibility":"","ast-main-header-display":"","ast-hfb-above-header-display":"","ast-hfb-below-header-display":"","ast-hfb-mobile-header-display":"","site-post-title":"","ast-breadcrumbs-content":"","ast-featured-img":"","footer-sml-layout":"","ast-disable-related-posts":"","theme-transparent-header-meta":"","adv-header-id-meta":"","stick-header-meta":"","header-above-stick-meta":"","header-main-stick-meta":"","header-below-stick-meta":"","astra-migrate-meta-layouts":"default","ast-page-background-enabled":"default","ast-page-background-meta":{"desktop":{"background-color":"var(--ast-global-color-5)","background-image":"","background-repeat":"repeat","background-position":"center center","background-size":"auto","background-attachment":"scroll","background-type":"","background-media":"","overlay-type":"","overlay-color":"","overlay-opacity":"","overlay-gradient":""},"tablet":{"background-color":"","background-image":"","background-repeat":"repeat","background-position":"center center","background-size":"auto","background-attachment":"scroll","background-type":"","background-media":"","overlay-type":"","overlay-color":"","overlay-opacity":"","overlay-gradient":""},"mobile":{"background-color":"","background-image":"","background-repeat":"repeat","background-position":"center center","background-size":"auto","background-attachment":"scroll","background-type":"","background-media":"","overlay-type":"","overlay-color":"","overlay-opacity":"","overlay-gradient":""}},"ast-content-background-meta":{"desktop":{"background-color":"var(--ast-global-color-4)","background-image":"","background-repeat":"repeat","background-position":"center center","background-size":"auto","background-attachment":"scroll","background-type":"","background-media":"","overlay-type":"","overlay-color":"","overlay-opacity":"","overlay-gradient":""},"tablet":{"background-color":"var(--ast-global-color-4)","background-image":"","background-repeat":"repeat","background-position":"center center","background-size":"auto","background-attachment":"scroll","background-type":"","background-media":"","overlay-type":"","overlay-color":"","overlay-opacity":"","overlay-gradient":""},"mobile":{"background-color":"var(--ast-global-color-4)","background-image":"","background-repeat":"repeat","background-position":"center center","background-size":"auto","background-attachment":"scroll","background-type":"","background-media":"","overlay-type":"","overlay-color":"","overlay-opacity":"","overlay-gradient":""}},"footnotes":""},"class_list":["post-710","page","type-page","status-publish","hentry"],"aioseo_notices":[],"jetpack_sharing_enabled":true,"_links":{"self":[{"href":"https:\/\/mk9-sprengstoffspuerhunde.de\/en\/wp-json\/wp\/v2\/pages\/710","targetHints":{"allow":["GET"]}}],"collection":[{"href":"https:\/\/mk9-sprengstoffspuerhunde.de\/en\/wp-json\/wp\/v2\/pages"}],"about":[{"href":"https:\/\/mk9-sprengstoffspuerhunde.de\/en\/wp-json\/wp\/v2\/types\/page"}],"author":[{"embeddable":true,"href":"https:\/\/mk9-sprengstoffspuerhunde.de\/en\/wp-json\/wp\/v2\/users\/1"}],"replies":[{"embeddable":true,"href":"https:\/\/mk9-sprengstoffspuerhunde.de\/en\/wp-json\/wp\/v2\/comments?post=710"}],"version-history":[{"count":13,"href":"https:\/\/mk9-sprengstoffspuerhunde.de\/en\/wp-json\/wp\/v2\/pages\/710\/revisions"}],"predecessor-version":[{"id":1461,"href":"https:\/\/mk9-sprengstoffspuerhunde.de\/en\/wp-json\/wp\/v2\/pages\/710\/revisions\/1461"}],"wp:attachment":[{"href":"https:\/\/mk9-sprengstoffspuerhunde.de\/en\/wp-json\/wp\/v2\/media?parent=710"}],"curies":[{"name":"wp","href":"https:\/\/api.w.org\/{rel}","templated":true}]}}